{"id":33907,"date":"2022-02-20T10:51:08","date_gmt":"2022-02-20T09:51:08","guid":{"rendered":"https:\/\/www.pvoe-weissenbach.at\/?page_id=33907"},"modified":"2026-02-12T14:08:36","modified_gmt":"2026-02-12T13:08:36","slug":"sponsoren-2022","status":"publish","type":"page","link":"https:\/\/www.pvoe-weissenbach.at\/?page_id=33907","title":{"rendered":"Sponsoren 2026"},"content":{"rendered":"<h3 style=\"text-align: center;\">Wir bedanken uns ganz herzlich f\u00fcr die gro\u00dfz\u00fcgige Unterst\u00fctzung!<\/h3>\n<p style=\"text-align: center;\">Wenn man auf das jeweilige Logo klickt, \u00f6ffnet sich die dazugeh\u00f6rige Website (wenn vorhanden . . .).<\/p>\n<table style=\"width: 114.711%; height: 1079px; border-collapse: collapse;\">\n<tbody>\n<tr style=\"height: 144px;\">\n<td style=\"width: 39.3374%; height: 144px; vertical-align: top;\"><a href=\"http:\/\/www.zobl-transporte.at\"><img loading=\"lazy\" decoding=\"async\" class=\"wp-image-13583 aligncenter\" src=\"https:\/\/www.pvoe-weissenbach.at\/wp-content\/uploads\/2020\/02\/Zobl_Plane_12.fs_klein-1.jpg\" alt=\"\" width=\"300\" height=\"81\"><\/a><\/td>\n<td style=\"width: 33.9536%; height: 144px; text-align: center;\"><a href=\"http:\/\/www.weissenbach.tirol.gv.at\/\"><img loading=\"lazy\" decoding=\"async\" class=\"wp-image-35638 alignleft\" src=\"https:\/\/www.pvoe-weissenbach.at\/wp-content\/uploads\/2023\/02\/Gemeinde-Weissenbach-300x127.jpg\" alt=\"\" width=\"219\" height=\"93\" srcset=\"https:\/\/www.pvoe-weissenbach.at\/wp-content\/uploads\/2023\/02\/Gemeinde-Weissenbach-300x127.jpg 300w, https:\/\/www.pvoe-weissenbach.at\/wp-content\/uploads\/2023\/02\/Gemeinde-Weissenbach.jpg 427w\" sizes=\"auto, (max-width: 219px) 100vw, 219px\" \/><\/a><\/td>\n<\/tr>\n<tr style=\"height: 210px;\">\n<td style=\"width: 39.33%; height: 10px; vertical-align: top;\"><a href=\"https:\/\/www.kaufmannschaft-reutte.at\/\"><img loading=\"lazy\" decoding=\"async\" class=\"wp-image-13603 aligncenter\" src=\"https:\/\/www.pvoe-weissenbach.at\/wp-content\/uploads\/2020\/02\/Kaufmannschaft-300x211.jpg\" alt=\"\" width=\"337\" height=\"237\" srcset=\"https:\/\/www.pvoe-weissenbach.at\/wp-content\/uploads\/2020\/02\/Kaufmannschaft-300x211.jpg 300w, https:\/\/www.pvoe-weissenbach.at\/wp-content\/uploads\/2020\/02\/Kaufmannschaft.jpg 738w\" sizes=\"auto, (max-width: 337px) 100vw, 337px\" \/><\/a><\/td>\n<td style=\"width: 33.9536%; height: 10px; vertical-align: top;\"><a href=\"https:\/\/www.optik-gundolf.at\/\"><img loading=\"lazy\" decoding=\"async\" class=\"wp-image-13597 alignleft\" src=\"https:\/\/www.pvoe-weissenbach.at\/wp-content\/uploads\/2020\/02\/Gundolf-300x276.jpg\" alt=\"\" width=\"235\" height=\"216\" srcset=\"https:\/\/www.pvoe-weissenbach.at\/wp-content\/uploads\/2020\/02\/Gundolf-300x276.jpg 300w, https:\/\/www.pvoe-weissenbach.at\/wp-content\/uploads\/2020\/02\/Gundolf.jpg 738w\" sizes=\"auto, (max-width: 235px) 100vw, 235px\" \/><\/a><br \/>\n<u><\/u><\/td>\n<\/tr>\n<tr style=\"height: 22px;\">\n<td style=\"width: 39.3374%; height: 22px;\"><a href=\"https:\/\/www.ewr-energie.com\/\"><img loading=\"lazy\" decoding=\"async\" class=\"wp-image-35651 aligncenter\" src=\"https:\/\/www.pvoe-weissenbach.at\/wp-content\/uploads\/2023\/02\/Logo-EWR_neu-300x117.jpg\" alt=\"\" width=\"308\" height=\"120\" srcset=\"https:\/\/www.pvoe-weissenbach.at\/wp-content\/uploads\/2023\/02\/Logo-EWR_neu-300x117.jpg 300w, https:\/\/www.pvoe-weissenbach.at\/wp-content\/uploads\/2023\/02\/Logo-EWR_neu.jpg 520w\" sizes=\"auto, (max-width: 308px) 100vw, 308px\" \/><\/a><\/td>\n<td style=\"width: 33.9536%; height: 22px; vertical-align: top; text-align: left;\"><span style=\"font-family: Verdana,Arial,Helvetica,sans-serif;\"><a href=\"http:\/\/www.alpe-fallerschein.com\/\"><span style=\"font-size: 20px;\"><strong><span style=\"color: #ff0000; font-family: verdana,geneva,sans-serif;\">Michl&#8217;s Fallerschein Stube <\/span><\/strong><\/span><\/a><br \/>\n<span style=\"font-size: 20px;\"><strong><span style=\"color: #ff0000; font-family: verdana,geneva,sans-serif;\">Michael Knitel<\/span><\/strong><\/span><br \/>\nA-6642 Stanzach 12<br \/>\n(0043) 676 &#8211; 7279681<br \/>\nmichael@alpe-fallerschein.com<\/span><\/td>\n<\/tr>\n<tr style=\"height: 23px;\">\n<td style=\"width: 39.3374%; height: 23px;\"><a href=\"http:\/\/www.mayrkanalservice.at\/\"><img loading=\"lazy\" decoding=\"async\" class=\"size-medium wp-image-32051 aligncenter\" src=\"https:\/\/www.pvoe-weissenbach.at\/wp-content\/uploads\/2021\/07\/Mair-300x167.jpg\" alt=\"\" width=\"300\" height=\"167\" srcset=\"https:\/\/www.pvoe-weissenbach.at\/wp-content\/uploads\/2021\/07\/Mair-300x167.jpg 300w, https:\/\/www.pvoe-weissenbach.at\/wp-content\/uploads\/2021\/07\/Mair-1024x571.jpg 1024w, https:\/\/www.pvoe-weissenbach.at\/wp-content\/uploads\/2021\/07\/Mair-768x428.jpg 768w, https:\/\/www.pvoe-weissenbach.at\/wp-content\/uploads\/2021\/07\/Mair-1536x856.jpg 1536w, https:\/\/www.pvoe-weissenbach.at\/wp-content\/uploads\/2021\/07\/Mair-2048x1142.jpg 2048w, https:\/\/www.pvoe-weissenbach.at\/wp-content\/uploads\/2021\/07\/Mair-672x372.jpg 672w, https:\/\/www.pvoe-weissenbach.at\/wp-content\/uploads\/2021\/07\/Mair-1038x576.jpg 1038w\" sizes=\"auto, (max-width: 300px) 100vw, 300px\" \/><\/a><\/td>\n<td style=\"width: 33.9536%; height: 23px; vertical-align: top; text-align: left;\">\n<h3><a href=\"http:\/\/www.talhof.com\"><span style=\"color: #339966;\"><strong><span style=\"font-size: 24px;\">Panoramahotel Talhof<\/span><\/strong><b><br \/>\n<\/b><\/span>Holz 8<\/a><br \/>\n6610 W\u00e4ngle bei Reutte<br \/>\nTel.: +43 \/ 5672 \/62280-0<\/h3>\n<p>Telefax: +43 \/ 5672 \/ 6517149<br \/>\nE-Mail: hotel@talhof.com<br \/>\nInternet: www.talhof.com<\/td>\n<\/tr>\n<tr style=\"height: 299px;\">\n<td style=\"width: 39.3374%; height: 299px;\"><img loading=\"lazy\" decoding=\"async\" class=\"size-medium wp-image-13595 aligncenter\" style=\"color: #2b2b2b; font-family: Verdana,Arial,Helvetica,sans-serif; font-size: 16px; font-style: normal; font-variant: normal; font-weight: 400; height: auto; letter-spacing: normal; max-width: 474px; orphans: 2; outline-color: #72777c; outline-style: solid; outline-width: 1px; text-align: left; text-decoration: none; text-indent: 0px; text-transform: none; vertical-align: middle; -webkit-text-stroke-width: 0px; white-space: normal; word-spacing: 0px;\" src=\"https:\/\/www.pvoe-weissenbach.at\/wp-content\/uploads\/2020\/02\/Stuawanderwappen-Verein10002_Kopie-258x300.jpg\" alt=\"\" width=\"258\" height=\"300\" srcset=\"https:\/\/www.pvoe-weissenbach.at\/wp-content\/uploads\/2020\/02\/Stuawanderwappen-Verein10002_Kopie-258x300.jpg 258w, https:\/\/www.pvoe-weissenbach.at\/wp-content\/uploads\/2020\/02\/Stuawanderwappen-Verein10002_Kopie.jpg 660w\" sizes=\"auto, (max-width: 258px) 100vw, 258px\" \/><b><\/b><i><\/i><u><\/u><\/td>\n<td style=\"width: 33.9536%; height: 299px;\"><a href=\"https:\/\/www.raiffeisen.at\/tirol\/oberland-reutte\/de\/privatkunden.html\"><img loading=\"lazy\" decoding=\"async\" class=\"size-medium wp-image-39015 alignnone\" src=\"https:\/\/www.pvoe-weissenbach.at\/wp-content\/uploads\/2025\/01\/raiffeisen_mit_gk_auf_gelb_4c-300x81.jpg\" alt=\"\" width=\"300\" height=\"81\" srcset=\"https:\/\/www.pvoe-weissenbach.at\/wp-content\/uploads\/2025\/01\/raiffeisen_mit_gk_auf_gelb_4c-300x81.jpg 300w, https:\/\/www.pvoe-weissenbach.at\/wp-content\/uploads\/2025\/01\/raiffeisen_mit_gk_auf_gelb_4c-1024x278.jpg 1024w, https:\/\/www.pvoe-weissenbach.at\/wp-content\/uploads\/2025\/01\/raiffeisen_mit_gk_auf_gelb_4c-768x208.jpg 768w, https:\/\/www.pvoe-weissenbach.at\/wp-content\/uploads\/2025\/01\/raiffeisen_mit_gk_auf_gelb_4c-1536x416.jpg 1536w, https:\/\/www.pvoe-weissenbach.at\/wp-content\/uploads\/2025\/01\/raiffeisen_mit_gk_auf_gelb_4c.jpg 2029w\" sizes=\"auto, (max-width: 300px) 100vw, 300px\" \/><\/a><\/td>\n<\/tr>\n<tr style=\"height: 261px;\">\n<td style=\"width: 39.3374%; height: 261px;\">&nbsp;<img loading=\"lazy\" decoding=\"async\" class=\"alignnone size-medium wp-image-40747\" src=\"https:\/\/www.pvoe-weissenbach.at\/wp-content\/uploads\/2026\/02\/treff_beki.tif\" alt=\"\" width=\"1\" height=\"1\"><a href=\"https:\/\/www.pizzeriatreff.at\/home\"><img loading=\"lazy\" decoding=\"async\" class=\"alignnone size-medium wp-image-40748\" src=\"https:\/\/www.pvoe-weissenbach.at\/wp-content\/uploads\/2026\/02\/Beki-300x153.jpg\" alt=\"\" width=\"300\" height=\"153\" srcset=\"https:\/\/www.pvoe-weissenbach.at\/wp-content\/uploads\/2026\/02\/Beki-300x153.jpg 300w, https:\/\/www.pvoe-weissenbach.at\/wp-content\/uploads\/2026\/02\/Beki-1024x522.jpg 1024w, https:\/\/www.pvoe-weissenbach.at\/wp-content\/uploads\/2026\/02\/Beki-768x392.jpg 768w, https:\/\/www.pvoe-weissenbach.at\/wp-content\/uploads\/2026\/02\/Beki-1536x783.jpg 1536w, https:\/\/www.pvoe-weissenbach.at\/wp-content\/uploads\/2026\/02\/Beki.jpg 1708w\" sizes=\"auto, (max-width: 300px) 100vw, 300px\" \/><\/a><\/td>\n<td style=\"width: 33.9536%; vertical-align: top; height: 261px;\"><a href=\"http:\/\/www.scheiber-architektur.at\/\"><img loading=\"lazy\" decoding=\"async\" class=\"alignnone size-medium wp-image-13585\" src=\"https:\/\/www.pvoe-weissenbach.at\/wp-content\/uploads\/2020\/02\/DI-Scheiber-300x184.jpg\" alt=\"\" width=\"300\" height=\"184\" srcset=\"https:\/\/www.pvoe-weissenbach.at\/wp-content\/uploads\/2020\/02\/DI-Scheiber-300x184.jpg 300w, https:\/\/www.pvoe-weissenbach.at\/wp-content\/uploads\/2020\/02\/DI-Scheiber-768x470.jpg 768w, https:\/\/www.pvoe-weissenbach.at\/wp-content\/uploads\/2020\/02\/DI-Scheiber.jpg 994w\" sizes=\"auto, (max-width: 300px) 100vw, 300px\" \/><\/a><\/td>\n<\/tr>\n<tr style=\"height: 273px;\">\n<td style=\"width: 39.33%; text-align: center; height: 273px;\"><a href=\"http:\/\/www.wohnart-jais.at\/\"><img loading=\"lazy\" decoding=\"async\" class=\"alignnone wp-image-35747\" src=\"https:\/\/www.pvoe-weissenbach.at\/wp-content\/uploads\/2023\/04\/Jais-2023-300x105.jpg\" alt=\"\" width=\"375\" height=\"131\" srcset=\"https:\/\/www.pvoe-weissenbach.at\/wp-content\/uploads\/2023\/04\/Jais-2023-300x105.jpg 300w, https:\/\/www.pvoe-weissenbach.at\/wp-content\/uploads\/2023\/04\/Jais-2023-1024x359.jpg 1024w, https:\/\/www.pvoe-weissenbach.at\/wp-content\/uploads\/2023\/04\/Jais-2023-768x269.jpg 768w, https:\/\/www.pvoe-weissenbach.at\/wp-content\/uploads\/2023\/04\/Jais-2023-1536x538.jpg 1536w, https:\/\/www.pvoe-weissenbach.at\/wp-content\/uploads\/2023\/04\/Jais-2023.jpg 1655w\" sizes=\"auto, (max-width: 375px) 100vw, 375px\" \/><\/a><strong style=\"font-family: inherit;\">Jais GmbH<br \/>\n<\/strong><strong style=\"font-family: inherit;\">Malerei &amp; Raumausstattung<br \/>\n<\/strong><strong style=\"font-family: inherit;\">Oberbach 18<br \/>\n<\/strong><strong style=\"font-family: inherit;\">6671 Wei\u00dfenbach am Lech<\/strong><strong style=\"font-family: inherit;\"><br \/>\n<\/strong><\/td>\n<td style=\"width: 33.95%; vertical-align: top; height: 273px; text-align: center;\"><a href=\"http:\/\/www.pflauder.at\/\"><img loading=\"lazy\" decoding=\"async\" class=\"alignnone wp-image-13586\" src=\"https:\/\/www.pvoe-weissenbach.at\/wp-content\/uploads\/2020\/02\/Pflauder_klein.jpg\" alt=\"\" width=\"274\" height=\"160\"><\/a><\/td>\n<\/tr>\n<tr>\n<td style=\"width: 39.33%; text-align: center;\"><a href=\"https:\/\/www.feuerstein-bus.at\/\"><img loading=\"lazy\" decoding=\"async\" class=\"alignnone wp-image-37441\" src=\"https:\/\/www.pvoe-weissenbach.at\/wp-content\/uploads\/2024\/02\/feuerstein-300x153.jpg\" alt=\"\" width=\"320\" height=\"163\" srcset=\"https:\/\/www.pvoe-weissenbach.at\/wp-content\/uploads\/2024\/02\/feuerstein-300x153.jpg 300w, https:\/\/www.pvoe-weissenbach.at\/wp-content\/uploads\/2024\/02\/feuerstein-1024x521.jpg 1024w, https:\/\/www.pvoe-weissenbach.at\/wp-content\/uploads\/2024\/02\/feuerstein-768x391.jpg 768w, https:\/\/www.pvoe-weissenbach.at\/wp-content\/uploads\/2024\/02\/feuerstein.jpg 1227w\" sizes=\"auto, (max-width: 320px) 100vw, 320px\" \/><\/a><\/td>\n<td style=\"width: 33.95%; vertical-align: top;\"><a href=\"https:\/\/www.franz-hg.at\/\"><img loading=\"lazy\" decoding=\"async\" class=\"size-medium wp-image-39023 aligncenter\" src=\"https:\/\/www.pvoe-weissenbach.at\/wp-content\/uploads\/2025\/02\/Franz-Logo-2025-244x300.jpg\" alt=\"\" width=\"244\" height=\"300\" srcset=\"https:\/\/www.pvoe-weissenbach.at\/wp-content\/uploads\/2025\/02\/Franz-Logo-2025-244x300.jpg 244w, https:\/\/www.pvoe-weissenbach.at\/wp-content\/uploads\/2025\/02\/Franz-Logo-2025.jpg 748w\" sizes=\"auto, (max-width: 244px) 100vw, 244px\" \/><\/a><\/td>\n<\/tr>\n<\/tbody>\n<\/table>\n<h3>Related Images:<\/h3>","protected":false},"excerpt":{"rendered":"<p>Wir bedanken uns ganz herzlich f\u00fcr die gro\u00dfz\u00fcgige Unterst\u00fctzung! Wenn man auf das jeweilige Logo klickt, \u00f6ffnet sich die dazugeh\u00f6rige Website (wenn vorhanden . . .). Michl&#8217;s Fallerschein Stube Michael Knitel A-6642 Stanzach 12 (0043) 676 &#8211; 7279681 michael@alpe-fallerschein.com Panoramahotel Talhof Holz 8 6610 W\u00e4ngle bei Reutte Tel.: +43 \/ 5672 \/62280-0 Telefax: +43 \/ [&hellip;]<\/p>\n","protected":false},"author":1,"featured_media":0,"parent":0,"menu_order":0,"comment_status":"closed","ping_status":"closed","template":"","meta":{"ngg_post_thumbnail":0,"footnotes":""},"class_list":["post-33907","page","type-page","status-publish","hentry"],"amp_enabled":true,"_links":{"self":[{"href":"https:\/\/www.pvoe-weissenbach.at\/index.php?rest_route=\/wp\/v2\/pages\/33907","targetHints":{"allow":["GET"]}}],"collection":[{"href":"https:\/\/www.pvoe-weissenbach.at\/index.php?rest_route=\/wp\/v2\/pages"}],"about":[{"href":"https:\/\/www.pvoe-weissenbach.at\/index.php?rest_route=\/wp\/v2\/types\/page"}],"author":[{"embeddable":true,"href":"https:\/\/www.pvoe-weissenbach.at\/index.php?rest_route=\/wp\/v2\/users\/1"}],"replies":[{"embeddable":true,"href":"https:\/\/www.pvoe-weissenbach.at\/index.php?rest_route=%2Fwp%2Fv2%2Fcomments&post=33907"}],"version-history":[{"count":45,"href":"https:\/\/www.pvoe-weissenbach.at\/index.php?rest_route=\/wp\/v2\/pages\/33907\/revisions"}],"predecessor-version":[{"id":40750,"href":"https:\/\/www.pvoe-weissenbach.at\/index.php?rest_route=\/wp\/v2\/pages\/33907\/revisions\/40750"}],"wp:attachment":[{"href":"https:\/\/www.pvoe-weissenbach.at\/index.php?rest_route=%2Fwp%2Fv2%2Fmedia&parent=33907"}],"curies":[{"name":"wp","href":"https:\/\/api.w.org\/{rel}","templated":true}]}}