{"id":10339,"date":"2019-01-17T13:45:06","date_gmt":"2019-01-17T12:45:06","guid":{"rendered":"http:\/\/www.pvoe-weissenbach.at\/?page_id=10339"},"modified":"2024-04-18T12:19:59","modified_gmt":"2024-04-18T10:19:59","slug":"ueber-uns","status":"publish","type":"page","link":"https:\/\/www.pvoe-weissenbach.at\/?page_id=10339","title":{"rendered":"\u00dcber uns"},"content":{"rendered":"<h2><img loading=\"lazy\" decoding=\"async\" class=\"aligncenter size-full wp-image-10341\" src=\"https:\/\/www.pvoe-weissenbach.at\/wp-content\/uploads\/2019\/01\/DSC_0390_b.jpg\" alt=\"\" width=\"3454\" height=\"2155\" srcset=\"https:\/\/www.pvoe-weissenbach.at\/wp-content\/uploads\/2019\/01\/DSC_0390_b.jpg 3454w, https:\/\/www.pvoe-weissenbach.at\/wp-content\/uploads\/2019\/01\/DSC_0390_b-300x187.jpg 300w, https:\/\/www.pvoe-weissenbach.at\/wp-content\/uploads\/2019\/01\/DSC_0390_b-768x479.jpg 768w, https:\/\/www.pvoe-weissenbach.at\/wp-content\/uploads\/2019\/01\/DSC_0390_b-1024x639.jpg 1024w\" sizes=\"auto, (max-width: 3454px) 100vw, 3454px\" \/><span style=\"font-size: 14px; font-family: arial, helvetica, sans-serif;\">(hinten v.l.: Hans FORCHER, Karl-Heinz Pohler, Roland NIGG, Margith BAYER, Erich ARZL;<br \/>\nvorne v.l.: Marianne W\u00d6RZ, Christa POHLER, Gitti NIGG)<\/span><\/h2>\n<h2>&#8222;Gemeinsam &#8211; nicht einsam!&#8220;<\/h2>\n<p>Der Vorstand der OG Wei\u00dfenbach am Lech hat sich diesem Motto verschrieben. Wir arbeiten gerne daf\u00fcr um unseren Mitgliedern vielf\u00e4ltige M\u00f6glichkeiten des&nbsp;miteinander Kommunizierens zu bieten.&nbsp;<\/p>\n<table width=\"385\">\n<tbody>\n<tr>\n<td><strong>Funktion<\/strong><\/td>\n<td><strong>Name<\/strong><\/td>\n<\/tr>\n<tr>\n<td>Obmann<\/td>\n<td>Karl-Heinz Pohler<\/td>\n<\/tr>\n<tr>\n<td>Stellvertreterin<\/td>\n<td>Marianne W\u00f6rz<\/td>\n<\/tr>\n<tr>\n<td>Kassierin<\/td>\n<td>Christa Pohler<\/td>\n<\/tr>\n<tr>\n<td>Stellvertreterin<\/td>\n<td>Margith Bayer<\/td>\n<\/tr>\n<tr>\n<td>Schriftf\u00fchrerin&nbsp;&nbsp;<\/td>\n<td>Brigitte Nigg<\/td>\n<\/tr>\n<tr>\n<td>Stellvertreter<\/td>\n<td>Roland&nbsp;Nigg<\/td>\n<\/tr>\n<tr>\n<td>Kassapr\u00fcfer<\/td>\n<td>Hans Forcher, Erich Arzl<\/td>\n<\/tr>\n<\/tbody>\n<\/table>\n<p>&nbsp;<\/p>\n<h3>Related Images:<\/h3>","protected":false},"excerpt":{"rendered":"<p>(hinten v.l.: Hans FORCHER, Karl-Heinz Pohler, Roland NIGG, Margith BAYER, Erich ARZL; vorne v.l.: Marianne W\u00d6RZ, Christa POHLER, Gitti NIGG) &#8222;Gemeinsam &#8211; nicht einsam!&#8220; Der Vorstand der OG Wei\u00dfenbach am Lech hat sich diesem Motto verschrieben. Wir arbeiten gerne daf\u00fcr um unseren Mitgliedern vielf\u00e4ltige M\u00f6glichkeiten des&nbsp;miteinander Kommunizierens zu bieten.&nbsp; Funktion Name Obmann Karl-Heinz Pohler Stellvertreterin [&hellip;]<\/p>\n","protected":false},"author":1,"featured_media":0,"parent":0,"menu_order":0,"comment_status":"closed","ping_status":"closed","template":"","meta":{"ngg_post_thumbnail":0,"footnotes":""},"class_list":["post-10339","page","type-page","status-publish","hentry"],"amp_enabled":true,"_links":{"self":[{"href":"https:\/\/www.pvoe-weissenbach.at\/index.php?rest_route=\/wp\/v2\/pages\/10339","targetHints":{"allow":["GET"]}}],"collection":[{"href":"https:\/\/www.pvoe-weissenbach.at\/index.php?rest_route=\/wp\/v2\/pages"}],"about":[{"href":"https:\/\/www.pvoe-weissenbach.at\/index.php?rest_route=\/wp\/v2\/types\/page"}],"author":[{"embeddable":true,"href":"https:\/\/www.pvoe-weissenbach.at\/index.php?rest_route=\/wp\/v2\/users\/1"}],"replies":[{"embeddable":true,"href":"https:\/\/www.pvoe-weissenbach.at\/index.php?rest_route=%2Fwp%2Fv2%2Fcomments&post=10339"}],"version-history":[{"count":4,"href":"https:\/\/www.pvoe-weissenbach.at\/index.php?rest_route=\/wp\/v2\/pages\/10339\/revisions"}],"predecessor-version":[{"id":37677,"href":"https:\/\/www.pvoe-weissenbach.at\/index.php?rest_route=\/wp\/v2\/pages\/10339\/revisions\/37677"}],"wp:attachment":[{"href":"https:\/\/www.pvoe-weissenbach.at\/index.php?rest_route=%2Fwp%2Fv2%2Fmedia&parent=10339"}],"curies":[{"name":"wp","href":"https:\/\/api.w.org\/{rel}","templated":true}]}}